{"id":11383,"date":"2024-05-16T12:03:57","date_gmt":"2024-05-16T12:03:57","guid":{"rendered":"https:\/\/exceldent.pl\/?page_id=11383"},"modified":"2025-11-04T10:00:08","modified_gmt":"2025-11-04T10:00:08","slug":"polityka-prywatnosci","status":"publish","type":"page","link":"https:\/\/exceldent.pl\/en\/polityka-prywatnosci\/","title":{"rendered":"Privacy policy"},"content":{"rendered":"<section class=\"l-section wpb_row height_small\"><div class=\"l-section-h i-cf\"><div class=\"g-cols vc_row via_grid cols_1 laptops-cols_inherit tablets-cols_inherit mobiles-cols_1 valign_top type_default stacking_default\"><div class=\"wpb_column vc_column_container\"><div class=\"vc_column-inner\"><div class=\"wpb_text_column\"><div class=\"wpb_wrapper\"><div class=\"wpb_text_column\"><div class=\"wpb_wrapper\"><\/div><\/div>\n<div class=\"column mcb-column mcb-item-5mfflxsu one laptop-one tablet-one mobile-one column_heading\">\n<h2><strong>I. General Provisions<\/strong><\/h2>\n<p>The Privacy Policy defines how personal data necessary for the provision of electronic services through the <a href=\"https:\/\/exceldent.pl\/\" target=\"_new\" rel=\"noreferrer noopener\">www.exceldent.pl<\/a> website (hereinafter: the Service) are collected, processed, and stored.<\/p>\n<p>The Service collects only personal data necessary for the provision and development of services offered therein.<\/p>\n<p>Personal data collected through the Service are processed in accordance with Regulation (EU) 2016\/679 of the European Parliament and of the Council of 27 April 2016 on the protection of natural persons with regard to the processing of personal data and on the free movement of such data, and repealing Directive 95\/46\/EC (General Data Protection Regulation, hereinafter GDPR) and the Polish Act on Personal Data Protection of 10 May 2018.<\/p>\n<h2><strong>II. Data Controller<\/strong><\/h2>\n<p>The data controller for personal data collected through the Service is Excelmed Sp\u00f3\u0142ka Cywilna Monika R\u0105czkowiak Bartosz R\u0105czkowiak, NIP 8513121173, REGON 320855024, email address: <a rel=\"noreferrer\">admin@exceldent.pl<\/a> (hereinafter: the Controller).<\/p>\n<h2><strong>III. Purpose of Data Collection<\/strong><\/h2>\n<p>Personal data are used for the purpose of:<\/p>\n<ul>\n<li>registering an account and verifying the User&#8217;s identity,<\/li>\n<li>enabling logging into the Service,<\/li>\n<li>performing a contract for services and e-services,<\/li>\n<li>communicating with the User (live chat, contact form, etc.),<\/li>\n<li>sending newsletters (after obtaining the User&#8217;s consent),<\/li>\n<li>operating a commenting system,<\/li>\n<li>providing social media services,<\/li>\n<li>promoting the Administrator&#8217;s offer,<\/li>\n<li>marketing, remarketing, affiliation,<\/li>\n<li>personalizing the Service for Users,<\/li>\n<li>conducting analytical and statistical activities,<\/li>\n<li>debt collection,<\/li>\n<li>establishing and pursuing claims or defending against them. Providing data is voluntary but necessary to conclude a contract or use other functionalities of the Service.<\/li>\n<\/ul>\n<h2><strong>IV. Types of Processed Personal Data<\/strong><\/h2>\n<p>The Administrator may process the User&#8217;s personal data: name, date of birth, address, email address, telephone number, NIP (Tax Identification Number).<\/p>\n<h2><strong>V. Period of Personal Data Processing<\/strong><\/h2>\n<p>User&#8217;s personal data will be processed for the period:<\/p>\n<ul>\n<li>when the processing is based on the performance of a contract &#8211; until the expiration of claims after its performance,<\/li>\n<li>when the processing is based on consent &#8211; until its withdrawal, and after the withdrawal of consent until the expiration of claims. User&#8217;s personal data will not be transferred outside the European Economic Area (EEA).<\/li>\n<\/ul>\n<h2><strong>VI. Sharing of Personal Data<\/strong><\/h2>\n<p>User&#8217;s personal data will be processed for the period:<\/p>\n<ul>\n<li>when the processing is based on the performance of a contract &#8211; until the expiration of claims after its performance,<\/li>\n<li>when the processing is based on consent &#8211; until its withdrawal, and after the withdrawal of consent until the expiration of claims. In both cases, the limitation period is 6 years, and for claims for periodic services and claims related to business activities &#8211; 3 years (unless a special provision provides otherwise).<\/li>\n<\/ul>\n<h2><strong>VII. User Rights<\/strong><\/h2>\n<p>The User of the Service has the right to: access their personal data, rectify them, delete them, restrict processing, transfer them, object to processing, withdraw consent at any time (without affecting the lawfulness of processing based on consent before its withdrawal). A request related to the exercise of rights under the aforementioned rights should be sent to <a rel=\"noreferrer\">admin@exceldent.pl<\/a>. The Administrator will fulfill or refuse to fulfill the request immediately, but no later than within one month from its receipt. The User has the right to lodge a complaint with the President of the Office for Personal Data Protection if they believe that the processing violates their rights and freedoms (GDPR).<\/p>\n<h2><strong>VIII. Cookies<\/strong><\/h2>\n<p>The Service collects information using cookies &#8211; session, persistent, and third-party cookies. Collecting cookies supports the correct provision of services in the Service and serves statistical purposes. The User can specify the scope of access to cookies on their device in the browser settings. Cookies are used for:<\/p>\n<ul>\n<li>customizing the content of the Service&#8217;s web pages to the User&#8217;s preferences and optimizing the use of web pages; in particular, these files allow recognizing the User&#8217;s device and displaying a web page tailored to their individual needs,<\/li>\n<li>creating statistics to understand how Users of the Service use web pages, which enables improving their structure and content,<\/li>\n<li>maintaining the User&#8217;s session in the Service (after logging in), thanks to which the User does not have to re-enter their login and password on each subpage of the Service. The following types of cookies are used within the Service:<\/li>\n<li>&#8220;necessary&#8221; cookies, enabling the use of services available within the Service, e.g., authentication cookies used for services requiring authentication within the Service,<\/li>\n<li>cookies used to ensure security, e.g., used to detect fraud in the field of authentication within the Service<\/li>\n<li>&#8220;performance&#8221; cookies, enabling the collection of information on how Users use the Service&#8217;s web pages,<\/li>\n<li>&#8220;functional&#8221; cookies, allowing the &#8220;remembering&#8221; of selected settings and personalization of the User interface, e.g., in terms of the selected language or region from which the User comes, font size, appearance of the web page, etc.,<\/li>\n<li>&#8220;advertising&#8221; cookies, enabling the delivery of advertising content more tailored to the User&#8217;s interests.<\/li>\n<\/ul>\n<h2><strong>IX. Automated Decision-Making and Profiling<\/strong><\/h2>\n<p>User&#8217;s data may not be processed in an automated manner that could lead to any decisions affecting them. User&#8217;s data may be profiled for the purpose of adjusting content and customizing the offer after obtaining their consent.<\/p>\n<h2><strong>X. Final Provisions<\/strong><\/h2>\n<p>The Administrator has the right to make changes to the Privacy Policy, with the User&#8217;s rights not being limited. Information about the introduced changes will be communicated in the form of a message available on the Service. Matters not regulated in this Privacy Policy are governed by the provisions of the GDPR and Polish law.<\/p>\n<\/div>\n<\/div><\/div>\n[\/vc_column_text]<\/div><\/div><\/div><\/div><\/section>\n","protected":false},"excerpt":{"rendered":"","protected":false},"author":3,"featured_media":0,"parent":0,"menu_order":0,"comment_status":"closed","ping_status":"closed","template":"","meta":{"footnotes":""},"class_list":["post-11383","page","type-page","status-publish","hentry"],"yoast_head":"<!-- This site is optimized with the Yoast SEO plugin v26.3 - https:\/\/yoast.com\/wordpress\/plugins\/seo\/ -->\n<title>Privacy policy | Exceldent<\/title>\n<meta name=\"description\" content=\"Exceldent \u27a4 Privacy policy \u2714\ufe0f Nowoczesne gabinety z najnowszym sprz\u0119tem medycznym \u2714\ufe0f Kompleksowa opieka stomatologiczna w jednym miejscu \u2b50 Sprawd\u017a!\" \/>\n<meta name=\"robots\" content=\"index, follow, max-snippet:-1, max-image-preview:large, max-video-preview:-1\" \/>\n<link rel=\"canonical\" href=\"https:\/\/exceldent.pl\/en\/polityka-prywatnosci\/\" \/>\n<meta property=\"og:locale\" content=\"en_US\" \/>\n<meta property=\"og:type\" content=\"article\" \/>\n<meta property=\"og:title\" content=\"Privacy policy | Exceldent\" \/>\n<meta property=\"og:description\" content=\"Exceldent \u27a4 Privacy policy \u2714\ufe0f Nowoczesne gabinety z najnowszym sprz\u0119tem medycznym \u2714\ufe0f Kompleksowa opieka stomatologiczna w jednym miejscu \u2b50 Sprawd\u017a!\" \/>\n<meta property=\"og:url\" content=\"https:\/\/exceldent.pl\/en\/polityka-prywatnosci\/\" \/>\n<meta property=\"og:site_name\" content=\"ExcelDent - Modern Dentistry in Szczecin\" \/>\n<meta property=\"article:publisher\" content=\"https:\/\/www.facebook.com\/exceldentklinika\/\" \/>\n<meta property=\"article:modified_time\" content=\"2025-11-04T10:00:08+00:00\" \/>\n<meta property=\"og:image\" content=\"https:\/\/exceldent.pl\/wp-content\/uploads\/2024\/07\/exceldent-slide-stomatologia2.webp\" \/>\n\t<meta property=\"og:image:width\" content=\"2560\" \/>\n\t<meta property=\"og:image:height\" content=\"1050\" \/>\n\t<meta property=\"og:image:type\" content=\"image\/webp\" \/>\n<meta name=\"twitter:card\" content=\"summary_large_image\" \/>\n<meta name=\"twitter:label1\" content=\"Est. reading time\" \/>\n\t<meta name=\"twitter:data1\" content=\"5 minutes\" \/>\n<script type=\"application\/ld+json\" class=\"yoast-schema-graph\">{\"@context\":\"https:\/\/schema.org\",\"@graph\":[{\"@type\":\"WebPage\",\"@id\":\"https:\/\/exceldent.pl\/en\/polityka-prywatnosci\/\",\"url\":\"https:\/\/exceldent.pl\/en\/polityka-prywatnosci\/\",\"name\":\"Privacy policy | Exceldent\",\"isPartOf\":{\"@id\":\"https:\/\/exceldent.pl\/en\/#website\"},\"datePublished\":\"2024-05-16T12:03:57+00:00\",\"dateModified\":\"2025-11-04T10:00:08+00:00\",\"description\":\"Exceldent \u27a4 Privacy policy \u2714\ufe0f Nowoczesne gabinety z najnowszym sprz\u0119tem medycznym \u2714\ufe0f Kompleksowa opieka stomatologiczna w jednym miejscu \u2b50 Sprawd\u017a!\",\"breadcrumb\":{\"@id\":\"https:\/\/exceldent.pl\/en\/polityka-prywatnosci\/#breadcrumb\"},\"inLanguage\":\"en-US\",\"potentialAction\":[{\"@type\":\"ReadAction\",\"target\":[\"https:\/\/exceldent.pl\/en\/polityka-prywatnosci\/\"]}]},{\"@type\":\"BreadcrumbList\",\"@id\":\"https:\/\/exceldent.pl\/en\/polityka-prywatnosci\/#breadcrumb\",\"itemListElement\":[{\"@type\":\"ListItem\",\"position\":1,\"name\":\"Exceldent\",\"item\":\"https:\/\/exceldent.pl\/en\/\"},{\"@type\":\"ListItem\",\"position\":2,\"name\":\"Privacy policy\"}]},{\"@type\":\"WebSite\",\"@id\":\"https:\/\/exceldent.pl\/en\/#website\",\"url\":\"https:\/\/exceldent.pl\/en\/\",\"name\":\"Klinika Exceldent- dobry dentysta Szczecin- Stomatolog\",\"description\":\"\",\"publisher\":{\"@id\":\"https:\/\/exceldent.pl\/en\/#organization\"},\"alternateName\":\"Exceldent\",\"potentialAction\":[{\"@type\":\"SearchAction\",\"target\":{\"@type\":\"EntryPoint\",\"urlTemplate\":\"https:\/\/exceldent.pl\/en\/?s={search_term_string}\"},\"query-input\":{\"@type\":\"PropertyValueSpecification\",\"valueRequired\":true,\"valueName\":\"search_term_string\"}}],\"inLanguage\":\"en-US\"},{\"@type\":\"Organization\",\"@id\":\"https:\/\/exceldent.pl\/en\/#organization\",\"name\":\"Exceldent - Nowoczesna stomatologia w Szczecinie\",\"alternateName\":\"Exceldent\",\"url\":\"https:\/\/exceldent.pl\/en\/\",\"logo\":{\"@type\":\"ImageObject\",\"inLanguage\":\"en-US\",\"@id\":\"https:\/\/exceldent.pl\/en\/#\/schema\/logo\/image\/\",\"url\":\"https:\/\/exceldent.pl\/wp-content\/uploads\/2024\/05\/EXCELDENT_Logo_poziom_grey.webp\",\"contentUrl\":\"https:\/\/exceldent.pl\/wp-content\/uploads\/2024\/05\/EXCELDENT_Logo_poziom_grey.webp\",\"width\":360,\"height\":100,\"caption\":\"Exceldent - Nowoczesna stomatologia w Szczecinie\"},\"image\":{\"@id\":\"https:\/\/exceldent.pl\/en\/#\/schema\/logo\/image\/\"},\"sameAs\":[\"https:\/\/www.facebook.com\/exceldentklinika\/\"]}]}<\/script>\n<!-- \/ Yoast SEO plugin. -->","yoast_head_json":{"title":"Privacy policy | Exceldent","description":"Exceldent \u27a4 Privacy policy \u2714\ufe0f Nowoczesne gabinety z najnowszym sprz\u0119tem medycznym \u2714\ufe0f Kompleksowa opieka stomatologiczna w jednym miejscu \u2b50 Sprawd\u017a!","robots":{"index":"index","follow":"follow","max-snippet":"max-snippet:-1","max-image-preview":"max-image-preview:large","max-video-preview":"max-video-preview:-1"},"canonical":"https:\/\/exceldent.pl\/en\/polityka-prywatnosci\/","og_locale":"en_US","og_type":"article","og_title":"Privacy policy | Exceldent","og_description":"Exceldent \u27a4 Privacy policy \u2714\ufe0f Nowoczesne gabinety z najnowszym sprz\u0119tem medycznym \u2714\ufe0f Kompleksowa opieka stomatologiczna w jednym miejscu \u2b50 Sprawd\u017a!","og_url":"https:\/\/exceldent.pl\/en\/polityka-prywatnosci\/","og_site_name":"ExcelDent - Modern Dentistry in Szczecin","article_publisher":"https:\/\/www.facebook.com\/exceldentklinika\/","article_modified_time":"2025-11-04T10:00:08+00:00","og_image":[{"width":2560,"height":1050,"url":"https:\/\/exceldent.pl\/wp-content\/uploads\/2024\/07\/exceldent-slide-stomatologia2.webp","type":"image\/webp"}],"twitter_card":"summary_large_image","twitter_misc":{"Est. reading time":"5 minutes"},"schema":{"@context":"https:\/\/schema.org","@graph":[{"@type":"WebPage","@id":"https:\/\/exceldent.pl\/en\/polityka-prywatnosci\/","url":"https:\/\/exceldent.pl\/en\/polityka-prywatnosci\/","name":"Privacy policy | Exceldent","isPartOf":{"@id":"https:\/\/exceldent.pl\/en\/#website"},"datePublished":"2024-05-16T12:03:57+00:00","dateModified":"2025-11-04T10:00:08+00:00","description":"Exceldent \u27a4 Privacy policy \u2714\ufe0f Nowoczesne gabinety z najnowszym sprz\u0119tem medycznym \u2714\ufe0f Kompleksowa opieka stomatologiczna w jednym miejscu \u2b50 Sprawd\u017a!","breadcrumb":{"@id":"https:\/\/exceldent.pl\/en\/polityka-prywatnosci\/#breadcrumb"},"inLanguage":"en-US","potentialAction":[{"@type":"ReadAction","target":["https:\/\/exceldent.pl\/en\/polityka-prywatnosci\/"]}]},{"@type":"BreadcrumbList","@id":"https:\/\/exceldent.pl\/en\/polityka-prywatnosci\/#breadcrumb","itemListElement":[{"@type":"ListItem","position":1,"name":"Exceldent","item":"https:\/\/exceldent.pl\/en\/"},{"@type":"ListItem","position":2,"name":"Privacy policy"}]},{"@type":"WebSite","@id":"https:\/\/exceldent.pl\/en\/#website","url":"https:\/\/exceldent.pl\/en\/","name":"Klinika Exceldent- dobry dentysta Szczecin- Stomatolog","description":"","publisher":{"@id":"https:\/\/exceldent.pl\/en\/#organization"},"alternateName":"Exceldent","potentialAction":[{"@type":"SearchAction","target":{"@type":"EntryPoint","urlTemplate":"https:\/\/exceldent.pl\/en\/?s={search_term_string}"},"query-input":{"@type":"PropertyValueSpecification","valueRequired":true,"valueName":"search_term_string"}}],"inLanguage":"en-US"},{"@type":"Organization","@id":"https:\/\/exceldent.pl\/en\/#organization","name":"Exceldent - Nowoczesna stomatologia w Szczecinie","alternateName":"Exceldent","url":"https:\/\/exceldent.pl\/en\/","logo":{"@type":"ImageObject","inLanguage":"en-US","@id":"https:\/\/exceldent.pl\/en\/#\/schema\/logo\/image\/","url":"https:\/\/exceldent.pl\/wp-content\/uploads\/2024\/05\/EXCELDENT_Logo_poziom_grey.webp","contentUrl":"https:\/\/exceldent.pl\/wp-content\/uploads\/2024\/05\/EXCELDENT_Logo_poziom_grey.webp","width":360,"height":100,"caption":"Exceldent - Nowoczesna stomatologia w Szczecinie"},"image":{"@id":"https:\/\/exceldent.pl\/en\/#\/schema\/logo\/image\/"},"sameAs":["https:\/\/www.facebook.com\/exceldentklinika\/"]}]}},"_links":{"self":[{"href":"https:\/\/exceldent.pl\/en\/wp-json\/wp\/v2\/pages\/11383","targetHints":{"allow":["GET"]}}],"collection":[{"href":"https:\/\/exceldent.pl\/en\/wp-json\/wp\/v2\/pages"}],"about":[{"href":"https:\/\/exceldent.pl\/en\/wp-json\/wp\/v2\/types\/page"}],"author":[{"embeddable":true,"href":"https:\/\/exceldent.pl\/en\/wp-json\/wp\/v2\/users\/3"}],"replies":[{"embeddable":true,"href":"https:\/\/exceldent.pl\/en\/wp-json\/wp\/v2\/comments?post=11383"}],"version-history":[{"count":1,"href":"https:\/\/exceldent.pl\/en\/wp-json\/wp\/v2\/pages\/11383\/revisions"}],"predecessor-version":[{"id":13232,"href":"https:\/\/exceldent.pl\/en\/wp-json\/wp\/v2\/pages\/11383\/revisions\/13232"}],"wp:attachment":[{"href":"https:\/\/exceldent.pl\/en\/wp-json\/wp\/v2\/media?parent=11383"}],"curies":[{"name":"wp","href":"https:\/\/api.w.org\/{rel}","templated":true}]}}